{"id":5253,"date":"2022-05-29T04:19:32","date_gmt":"2022-05-29T02:19:32","guid":{"rendered":"https:\/\/ride-experiences.com\/faq\/"},"modified":"2023-02-04T00:06:58","modified_gmt":"2023-02-03T23:06:58","slug":"faq","status":"publish","type":"page","link":"https:\/\/ride-experiences.com\/de\/faq\/","title":{"rendered":"FAQ"},"content":{"rendered":"\t\t<div data-elementor-type=\"wp-page\" data-elementor-id=\"5253\" class=\"elementor elementor-5253 elementor-2352\" data-elementor-post-type=\"page\">\n\t\t\t\t<div class=\"elementor-element elementor-element-2986a12 e-con-full e-flex e-con e-parent\" data-id=\"2986a12\" data-element_type=\"container\">\n\t\t\t\t<div class=\"elementor-element elementor-element-feacdd6 elementor-widget__width-inherit elementor-widget elementor-widget-image\" data-id=\"feacdd6\" data-element_type=\"widget\" data-widget_type=\"image.default\">\n\t\t\t\t<div class=\"elementor-widget-container\">\n\t\t\t\t\t\t\t\t\t\t\t\t\t\t\t<img fetchpriority=\"high\" decoding=\"async\" width=\"1300\" height=\"1094\" src=\"https:\/\/ride-experiences.com\/wp-content\/uploads\/2022\/06\/Ride-experiences-jet-ski-kevin-002-png.png\" class=\"attachment-full size-full wp-image-3213\" alt=\"\" srcset=\"https:\/\/ride-experiences.com\/wp-content\/uploads\/2022\/06\/Ride-experiences-jet-ski-kevin-002-png.png 1300w, https:\/\/ride-experiences.com\/wp-content\/uploads\/2022\/06\/Ride-experiences-jet-ski-kevin-002-png-300x252.png 300w, https:\/\/ride-experiences.com\/wp-content\/uploads\/2022\/06\/Ride-experiences-jet-ski-kevin-002-png-1024x862.png 1024w, https:\/\/ride-experiences.com\/wp-content\/uploads\/2022\/06\/Ride-experiences-jet-ski-kevin-002-png-768x646.png 768w\" sizes=\"(max-width: 1300px) 100vw, 1300px\" \/>\t\t\t\t\t\t\t\t\t\t\t\t\t\t\t<\/div>\n\t\t\t\t<\/div>\n\t\t\t\t<\/div>\n\t\t\t\t<section class=\"elementor-section elementor-top-section elementor-element elementor-element-03c453b elementor-section-height-min-height elementor-section-items-top elementor-section-full_width elementor-section-height-default\" data-id=\"03c453b\" data-element_type=\"section\" data-settings=\"{&quot;background_background&quot;:&quot;classic&quot;}\">\n\t\t\t\t\t\t<div class=\"elementor-container elementor-column-gap-default\">\n\t\t\t\t\t<div class=\"elementor-column elementor-col-100 elementor-top-column elementor-element elementor-element-6c0be51\" data-id=\"6c0be51\" data-element_type=\"column\">\n\t\t\t<div class=\"elementor-widget-wrap elementor-element-populated\">\n\t\t\t\t\t\t<div class=\"elementor-element elementor-element-e582e42 elementor-widget elementor-widget-heading\" data-id=\"e582e42\" data-element_type=\"widget\" data-widget_type=\"heading.default\">\n\t\t\t\t<div class=\"elementor-widget-container\">\n\t\t\t\t\t<h2 class=\"elementor-heading-title elementor-size-default\">H\u00e4ufig gestellte<\/br><span class=\"Duo-title\">Fragen<\/span><\/h2>\t\t\t\t<\/div>\n\t\t\t\t<\/div>\n\t\t\t\t<div class=\"elementor-element elementor-element-28350a2 animated-slow elementor-invisible elementor-widget elementor-widget-accordion\" data-id=\"28350a2\" data-element_type=\"widget\" data-settings=\"{&quot;_animation&quot;:&quot;fadeInUp&quot;}\" data-widget_type=\"accordion.default\">\n\t\t\t\t<div class=\"elementor-widget-container\">\n\t\t\t\t\t\t\t<div class=\"elementor-accordion\">\n\t\t\t\t\t\t\t<div class=\"elementor-accordion-item\">\n\t\t\t\t\t<div id=\"elementor-tab-title-4211\" class=\"elementor-tab-title\" data-tab=\"1\" role=\"button\" aria-controls=\"elementor-tab-content-4211\" aria-expanded=\"false\">\n\t\t\t\t\t\t\t\t\t\t\t\t\t<span class=\"elementor-accordion-icon elementor-accordion-icon-right\" aria-hidden=\"true\">\n\t\t\t\t\t\t\t\t\t\t\t\t\t\t\t<span class=\"elementor-accordion-icon-closed\"><i class=\"fas fa-plus\"><\/i><\/span>\n\t\t\t\t\t\t\t\t<span class=\"elementor-accordion-icon-opened\"><i class=\"fas fa-minus\"><\/i><\/span>\n\t\t\t\t\t\t\t\t\t\t\t\t\t\t<\/span>\n\t\t\t\t\t\t\t\t\t\t\t\t<a class=\"elementor-accordion-title\" tabindex=\"0\">Welche Dienstleistungen bieten wir an?<\/a>\n\t\t\t\t\t<\/div>\n\t\t\t\t\t<div id=\"elementor-tab-content-4211\" class=\"elementor-tab-content elementor-clearfix\" data-tab=\"1\" role=\"region\" aria-labelledby=\"elementor-tab-title-4211\"><p>Wir sind ein Jetski-Unternehmen mit Sitz auf der Insel Mallorca.<br \/>\nWir bieten Hochseeausfl\u00fcge f\u00fcr Personen ohne Navigationslizenz an, aber auch f\u00fcr diejenigen, die eine haben.<\/p>\n<\/div>\n\t\t\t\t<\/div>\n\t\t\t\t\t\t\t<div class=\"elementor-accordion-item\">\n\t\t\t\t\t<div id=\"elementor-tab-title-4212\" class=\"elementor-tab-title\" data-tab=\"2\" role=\"button\" aria-controls=\"elementor-tab-content-4212\" aria-expanded=\"false\">\n\t\t\t\t\t\t\t\t\t\t\t\t\t<span class=\"elementor-accordion-icon elementor-accordion-icon-right\" aria-hidden=\"true\">\n\t\t\t\t\t\t\t\t\t\t\t\t\t\t\t<span class=\"elementor-accordion-icon-closed\"><i class=\"fas fa-plus\"><\/i><\/span>\n\t\t\t\t\t\t\t\t<span class=\"elementor-accordion-icon-opened\"><i class=\"fas fa-minus\"><\/i><\/span>\n\t\t\t\t\t\t\t\t\t\t\t\t\t\t<\/span>\n\t\t\t\t\t\t\t\t\t\t\t\t<a class=\"elementor-accordion-title\" tabindex=\"0\">Qu\u2019elles sont les diff\u00e9rentes activit\u00e9s que nous proposons ?<\/a>\n\t\t\t\t\t<\/div>\n\t\t\t\t\t<div id=\"elementor-tab-content-4212\" class=\"elementor-tab-content elementor-clearfix\" data-tab=\"2\" role=\"region\" aria-labelledby=\"elementor-tab-title-4212\"><p>Wir bieten 3 Ausfl\u00fcge an: Tag und Sonnenuntergang:<\/p>\n<p>Tagestour:<\/p>\n<p>30 Minuten \/ 1 Stunde<\/p>\n<p>SONNENUNTERGANGS-TOUR<\/p>\n<p>1h30 Ausflug<\/p>\n<\/div>\n\t\t\t\t<\/div>\n\t\t\t\t\t\t\t<div class=\"elementor-accordion-item\">\n\t\t\t\t\t<div id=\"elementor-tab-title-4213\" class=\"elementor-tab-title\" data-tab=\"3\" role=\"button\" aria-controls=\"elementor-tab-content-4213\" aria-expanded=\"false\">\n\t\t\t\t\t\t\t\t\t\t\t\t\t<span class=\"elementor-accordion-icon elementor-accordion-icon-right\" aria-hidden=\"true\">\n\t\t\t\t\t\t\t\t\t\t\t\t\t\t\t<span class=\"elementor-accordion-icon-closed\"><i class=\"fas fa-plus\"><\/i><\/span>\n\t\t\t\t\t\t\t\t<span class=\"elementor-accordion-icon-opened\"><i class=\"fas fa-minus\"><\/i><\/span>\n\t\t\t\t\t\t\t\t\t\t\t\t\t\t<\/span>\n\t\t\t\t\t\t\t\t\t\t\t\t<a class=\"elementor-accordion-title\" tabindex=\"0\">Wo finden Sie uns?<\/a>\n\t\t\t\t\t<\/div>\n\t\t\t\t\t<div id=\"elementor-tab-content-4213\" class=\"elementor-tab-content elementor-clearfix\" data-tab=\"3\" role=\"region\" aria-labelledby=\"elementor-tab-title-4213\"><p>Wir befinden uns an 3 Standorten auf der Insel:<\/p>\n<p>&#8211; Playa CAMP DE MAR<br \/>\n&#8211; Club LA MARINA Hafen von CALA D&#8217;OR<br \/>\n&#8211; Puerto DE SANTA PONSA<\/p>\n<\/div>\n\t\t\t\t<\/div>\n\t\t\t\t\t\t\t<div class=\"elementor-accordion-item\">\n\t\t\t\t\t<div id=\"elementor-tab-title-4214\" class=\"elementor-tab-title\" data-tab=\"4\" role=\"button\" aria-controls=\"elementor-tab-content-4214\" aria-expanded=\"false\">\n\t\t\t\t\t\t\t\t\t\t\t\t\t<span class=\"elementor-accordion-icon elementor-accordion-icon-right\" aria-hidden=\"true\">\n\t\t\t\t\t\t\t\t\t\t\t\t\t\t\t<span class=\"elementor-accordion-icon-closed\"><i class=\"fas fa-plus\"><\/i><\/span>\n\t\t\t\t\t\t\t\t<span class=\"elementor-accordion-icon-opened\"><i class=\"fas fa-minus\"><\/i><\/span>\n\t\t\t\t\t\t\t\t\t\t\t\t\t\t<\/span>\n\t\t\t\t\t\t\t\t\t\t\t\t<a class=\"elementor-accordion-title\" tabindex=\"0\">Bieten wir Fotos w\u00e4hrend der Ausfl\u00fcge an?<\/a>\n\t\t\t\t\t<\/div>\n\t\t\t\t\t<div id=\"elementor-tab-content-4214\" class=\"elementor-tab-content elementor-clearfix\" data-tab=\"4\" role=\"region\" aria-labelledby=\"elementor-tab-title-4214\"><p>Wir bieten Ihnen an, diese Erfahrung zu verewigen, indem Sie unseren Instruktoren Ger\u00e4te der neuesten Generation anvertrauen, mit denen sie Sie an hervorragenden Orten fotografieren k\u00f6nnen!<br \/>\nDie Fotos werden Ihnen direkt am Ende Ihrer Exkursion angeboten und zugeschickt.<\/p>\n<\/div>\n\t\t\t\t<\/div>\n\t\t\t\t\t\t\t<div class=\"elementor-accordion-item\">\n\t\t\t\t\t<div id=\"elementor-tab-title-4215\" class=\"elementor-tab-title\" data-tab=\"5\" role=\"button\" aria-controls=\"elementor-tab-content-4215\" aria-expanded=\"false\">\n\t\t\t\t\t\t\t\t\t\t\t\t\t<span class=\"elementor-accordion-icon elementor-accordion-icon-right\" aria-hidden=\"true\">\n\t\t\t\t\t\t\t\t\t\t\t\t\t\t\t<span class=\"elementor-accordion-icon-closed\"><i class=\"fas fa-plus\"><\/i><\/span>\n\t\t\t\t\t\t\t\t<span class=\"elementor-accordion-icon-opened\"><i class=\"fas fa-minus\"><\/i><\/span>\n\t\t\t\t\t\t\t\t\t\t\t\t\t\t<\/span>\n\t\t\t\t\t\t\t\t\t\t\t\t<a class=\"elementor-accordion-title\" tabindex=\"0\">Was ist im Preis inbegriffen?<\/a>\n\t\t\t\t\t<\/div>\n\t\t\t\t\t<div id=\"elementor-tab-content-4215\" class=\"elementor-tab-content elementor-clearfix\" data-tab=\"5\" role=\"region\" aria-labelledby=\"elementor-tab-title-4215\"><p>&#8211; die Uhrzeit Ihres gew\u00e4hlten Ausflugs<br \/>\n&#8211; Fotos f\u00fcr GANZT\u00c4GIGE Ausfl\u00fcge<br \/>\n&#8211; Fotos und Videos f\u00fcr SUNSET TOUR-Ausfl\u00fcge<br \/>\n&#8211; 15-min\u00fctiges Briefing mit unseren zertifizierten Instruktoren<br \/>\n&#8211; Essenz<br \/>\n&#8211; Sicherheitsweste<br \/>\n&#8211; Neopren (falls erforderlich)<\/p>\n<\/div>\n\t\t\t\t<\/div>\n\t\t\t\t\t\t\t<div class=\"elementor-accordion-item\">\n\t\t\t\t\t<div id=\"elementor-tab-title-4216\" class=\"elementor-tab-title\" data-tab=\"6\" role=\"button\" aria-controls=\"elementor-tab-content-4216\" aria-expanded=\"false\">\n\t\t\t\t\t\t\t\t\t\t\t\t\t<span class=\"elementor-accordion-icon elementor-accordion-icon-right\" aria-hidden=\"true\">\n\t\t\t\t\t\t\t\t\t\t\t\t\t\t\t<span class=\"elementor-accordion-icon-closed\"><i class=\"fas fa-plus\"><\/i><\/span>\n\t\t\t\t\t\t\t\t<span class=\"elementor-accordion-icon-opened\"><i class=\"fas fa-minus\"><\/i><\/span>\n\t\t\t\t\t\t\t\t\t\t\t\t\t\t<\/span>\n\t\t\t\t\t\t\t\t\t\t\t\t<a class=\"elementor-accordion-title\" tabindex=\"0\">Sind unsere Jetskis neu?<\/a>\n\t\t\t\t\t<\/div>\n\t\t\t\t\t<div id=\"elementor-tab-content-4216\" class=\"elementor-tab-content elementor-clearfix\" data-tab=\"6\" role=\"region\" aria-labelledby=\"elementor-tab-title-4216\"><p>Alle unsere Jetskis sind Jetskis der neuesten Generation der Marke Seadoo.<br \/>\nSie werden alle regelm\u00e4\u00dfig gepflegt und am Ende eines jeden Tages gewaschen.<\/p>\n<\/div>\n\t\t\t\t<\/div>\n\t\t\t\t\t\t\t<div class=\"elementor-accordion-item\">\n\t\t\t\t\t<div id=\"elementor-tab-title-4217\" class=\"elementor-tab-title\" data-tab=\"7\" role=\"button\" aria-controls=\"elementor-tab-content-4217\" aria-expanded=\"false\">\n\t\t\t\t\t\t\t\t\t\t\t\t\t<span class=\"elementor-accordion-icon elementor-accordion-icon-right\" aria-hidden=\"true\">\n\t\t\t\t\t\t\t\t\t\t\t\t\t\t\t<span class=\"elementor-accordion-icon-closed\"><i class=\"fas fa-plus\"><\/i><\/span>\n\t\t\t\t\t\t\t\t<span class=\"elementor-accordion-icon-opened\"><i class=\"fas fa-minus\"><\/i><\/span>\n\t\t\t\t\t\t\t\t\t\t\t\t\t\t<\/span>\n\t\t\t\t\t\t\t\t\t\t\t\t<a class=\"elementor-accordion-title\" tabindex=\"0\">Ab welchem \u200b\u200bAlter darf ein Kind Jetski fahren?<\/a>\n\t\t\t\t\t<\/div>\n\t\t\t\t\t<div id=\"elementor-tab-content-4217\" class=\"elementor-tab-content elementor-clearfix\" data-tab=\"7\" role=\"region\" aria-labelledby=\"elementor-tab-title-4217\"><p>Ab 5 Jahren kann ein Kind Passagier sein.<br \/>\nAb 16 Jahren kann ein Kind seinen eigenen Jetski fahren, wenn es RIDE EXPERIENCES eine elterliche Genehmigung erteilt.<\/p>\n<\/div>\n\t\t\t\t<\/div>\n\t\t\t\t\t\t\t<div class=\"elementor-accordion-item\">\n\t\t\t\t\t<div id=\"elementor-tab-title-4218\" class=\"elementor-tab-title\" data-tab=\"8\" role=\"button\" aria-controls=\"elementor-tab-content-4218\" aria-expanded=\"false\">\n\t\t\t\t\t\t\t\t\t\t\t\t\t<span class=\"elementor-accordion-icon elementor-accordion-icon-right\" aria-hidden=\"true\">\n\t\t\t\t\t\t\t\t\t\t\t\t\t\t\t<span class=\"elementor-accordion-icon-closed\"><i class=\"fas fa-plus\"><\/i><\/span>\n\t\t\t\t\t\t\t\t<span class=\"elementor-accordion-icon-opened\"><i class=\"fas fa-minus\"><\/i><\/span>\n\t\t\t\t\t\t\t\t\t\t\t\t\t\t<\/span>\n\t\t\t\t\t\t\t\t\t\t\t\t<a class=\"elementor-accordion-title\" tabindex=\"0\">Akzeptieren wir schwangere Frauen?<\/a>\n\t\t\t\t\t<\/div>\n\t\t\t\t\t<div id=\"elementor-tab-content-4218\" class=\"elementor-tab-content elementor-clearfix\" data-tab=\"8\" role=\"region\" aria-labelledby=\"elementor-tab-title-4218\"><p>Wir empfehlen Schwangeren keine Jetskis.<\/p>\n<\/div>\n\t\t\t\t<\/div>\n\t\t\t\t\t\t\t<div class=\"elementor-accordion-item\">\n\t\t\t\t\t<div id=\"elementor-tab-title-4219\" class=\"elementor-tab-title\" data-tab=\"9\" role=\"button\" aria-controls=\"elementor-tab-content-4219\" aria-expanded=\"false\">\n\t\t\t\t\t\t\t\t\t\t\t\t\t<span class=\"elementor-accordion-icon elementor-accordion-icon-right\" aria-hidden=\"true\">\n\t\t\t\t\t\t\t\t\t\t\t\t\t\t\t<span class=\"elementor-accordion-icon-closed\"><i class=\"fas fa-plus\"><\/i><\/span>\n\t\t\t\t\t\t\t\t<span class=\"elementor-accordion-icon-opened\"><i class=\"fas fa-minus\"><\/i><\/span>\n\t\t\t\t\t\t\t\t\t\t\t\t\t\t<\/span>\n\t\t\t\t\t\t\t\t\t\t\t\t<a class=\"elementor-accordion-title\" tabindex=\"0\">Ist RIDE EXPERIENCES f\u00fcr Ihre pers\u00f6nlichen Gegenst\u00e4nde verantwortlich?<\/a>\n\t\t\t\t\t<\/div>\n\t\t\t\t\t<div id=\"elementor-tab-content-4219\" class=\"elementor-tab-content elementor-clearfix\" data-tab=\"9\" role=\"region\" aria-labelledby=\"elementor-tab-title-4219\"><p>Wir empfehlen unseren Kunden, ihre Handys oder andere pers\u00f6nliche Gegenst\u00e4nde nicht mit auf den Ausflug zu nehmen.<br \/>\nDas Unternehmen RIDE EXPERIENCES lehnt jede Verantwortung im Falle von Verlust, Diebstahl oder Besch\u00e4digung der Ausr\u00fcstung seiner Kunden ab.<\/p>\n<\/div>\n\t\t\t\t<\/div>\n\t\t\t\t\t\t\t<div class=\"elementor-accordion-item\">\n\t\t\t\t\t<div id=\"elementor-tab-title-42110\" class=\"elementor-tab-title\" data-tab=\"10\" role=\"button\" aria-controls=\"elementor-tab-content-42110\" aria-expanded=\"false\">\n\t\t\t\t\t\t\t\t\t\t\t\t\t<span class=\"elementor-accordion-icon elementor-accordion-icon-right\" aria-hidden=\"true\">\n\t\t\t\t\t\t\t\t\t\t\t\t\t\t\t<span class=\"elementor-accordion-icon-closed\"><i class=\"fas fa-plus\"><\/i><\/span>\n\t\t\t\t\t\t\t\t<span class=\"elementor-accordion-icon-opened\"><i class=\"fas fa-minus\"><\/i><\/span>\n\t\t\t\t\t\t\t\t\t\t\t\t\t\t<\/span>\n\t\t\t\t\t\t\t\t\t\t\t\t<a class=\"elementor-accordion-title\" tabindex=\"0\">K\u00f6nnen wir 3 auf demselben Jetski sein?<\/a>\n\t\t\t\t\t<\/div>\n\t\t\t\t\t<div id=\"elementor-tab-content-42110\" class=\"elementor-tab-content elementor-clearfix\" data-tab=\"10\" role=\"region\" aria-labelledby=\"elementor-tab-title-42110\"><p>Nein, es ist verboten, zu dritt auf demselben Jetski zu sein.<br \/>\nUnsere Ausfl\u00fcge k\u00f6nnen von 2 auf demselben Jetski geteilt werden.<br \/>\nMit Zustimmung des Ausbilders k\u00f6nnen Sie w\u00e4hrend des Ausflugs den Fahrer wechseln.<\/p>\n<\/div>\n\t\t\t\t<\/div>\n\t\t\t\t\t\t\t\t\t\t<script type=\"application\/ld+json\">{\"@context\":\"https:\\\/\\\/schema.org\",\"@type\":\"FAQPage\",\"mainEntity\":[{\"@type\":\"Question\",\"name\":\"Welche Dienstleistungen bieten wir an?\",\"acceptedAnswer\":{\"@type\":\"Answer\",\"text\":\"<p>Wir sind ein Jetski-Unternehmen mit Sitz auf der Insel Mallorca.<br \\\/>\\nWir bieten Hochseeausfl\\u00fcge f\\u00fcr Personen ohne Navigationslizenz an, aber auch f\\u00fcr diejenigen, die eine haben.<\\\/p>\\n\"}},{\"@type\":\"Question\",\"name\":\"Qu\\u2019elles sont les diff\\u00e9rentes activit\\u00e9s que nous proposons ?\",\"acceptedAnswer\":{\"@type\":\"Answer\",\"text\":\"<p>Wir bieten 3 Ausfl\\u00fcge an: Tag und Sonnenuntergang:<\\\/p>\\n<p>Tagestour:<\\\/p>\\n<p>30 Minuten \\\/ 1 Stunde<\\\/p>\\n<p>SONNENUNTERGANGS-TOUR<\\\/p>\\n<p>1h30 Ausflug<\\\/p>\\n\"}},{\"@type\":\"Question\",\"name\":\"Wo finden Sie uns?\",\"acceptedAnswer\":{\"@type\":\"Answer\",\"text\":\"<p>Wir befinden uns an 3 Standorten auf der Insel:<\\\/p>\\n<p>&#8211; Playa CAMP DE MAR<br \\\/>\\n&#8211; Club LA MARINA Hafen von CALA D&#8217;OR<br \\\/>\\n&#8211; Puerto DE SANTA PONSA<\\\/p>\\n\"}},{\"@type\":\"Question\",\"name\":\"Bieten wir Fotos w\\u00e4hrend der Ausfl\\u00fcge an?\",\"acceptedAnswer\":{\"@type\":\"Answer\",\"text\":\"<p>Wir bieten Ihnen an, diese Erfahrung zu verewigen, indem Sie unseren Instruktoren Ger\\u00e4te der neuesten Generation anvertrauen, mit denen sie Sie an hervorragenden Orten fotografieren k\\u00f6nnen!<br \\\/>\\nDie Fotos werden Ihnen direkt am Ende Ihrer Exkursion angeboten und zugeschickt.<\\\/p>\\n\"}},{\"@type\":\"Question\",\"name\":\"Was ist im Preis inbegriffen?\",\"acceptedAnswer\":{\"@type\":\"Answer\",\"text\":\"<p>&#8211; die Uhrzeit Ihres gew\\u00e4hlten Ausflugs<br \\\/>\\n&#8211; Fotos f\\u00fcr GANZT\\u00c4GIGE Ausfl\\u00fcge<br \\\/>\\n&#8211; Fotos und Videos f\\u00fcr SUNSET TOUR-Ausfl\\u00fcge<br \\\/>\\n&#8211; 15-min\\u00fctiges Briefing mit unseren zertifizierten Instruktoren<br \\\/>\\n&#8211; Essenz<br \\\/>\\n&#8211; Sicherheitsweste<br \\\/>\\n&#8211; Neopren (falls erforderlich)<\\\/p>\\n\"}},{\"@type\":\"Question\",\"name\":\"Sind unsere Jetskis neu?\",\"acceptedAnswer\":{\"@type\":\"Answer\",\"text\":\"<p>Alle unsere Jetskis sind Jetskis der neuesten Generation der Marke Seadoo.<br \\\/>\\nSie werden alle regelm\\u00e4\\u00dfig gepflegt und am Ende eines jeden Tages gewaschen.<\\\/p>\\n\"}},{\"@type\":\"Question\",\"name\":\"Ab welchem \\u200b\\u200bAlter darf ein Kind Jetski fahren?\",\"acceptedAnswer\":{\"@type\":\"Answer\",\"text\":\"<p>Ab 5 Jahren kann ein Kind Passagier sein.<br \\\/>\\nAb 16 Jahren kann ein Kind seinen eigenen Jetski fahren, wenn es RIDE EXPERIENCES eine elterliche Genehmigung erteilt.<\\\/p>\\n\"}},{\"@type\":\"Question\",\"name\":\"Akzeptieren wir schwangere Frauen?\",\"acceptedAnswer\":{\"@type\":\"Answer\",\"text\":\"<p>Wir empfehlen Schwangeren keine Jetskis.<\\\/p>\\n\"}},{\"@type\":\"Question\",\"name\":\"Ist RIDE EXPERIENCES f\\u00fcr Ihre pers\\u00f6nlichen Gegenst\\u00e4nde verantwortlich?\",\"acceptedAnswer\":{\"@type\":\"Answer\",\"text\":\"<p>Wir empfehlen unseren Kunden, ihre Handys oder andere pers\\u00f6nliche Gegenst\\u00e4nde nicht mit auf den Ausflug zu nehmen.<br \\\/>\\nDas Unternehmen RIDE EXPERIENCES lehnt jede Verantwortung im Falle von Verlust, Diebstahl oder Besch\\u00e4digung der Ausr\\u00fcstung seiner Kunden ab.<\\\/p>\\n\"}},{\"@type\":\"Question\",\"name\":\"K\\u00f6nnen wir 3 auf demselben Jetski sein?\",\"acceptedAnswer\":{\"@type\":\"Answer\",\"text\":\"<p>Nein, es ist verboten, zu dritt auf demselben Jetski zu sein.<br \\\/>\\nUnsere Ausfl\\u00fcge k\\u00f6nnen von 2 auf demselben Jetski geteilt werden.<br \\\/>\\nMit Zustimmung des Ausbilders k\\u00f6nnen Sie w\\u00e4hrend des Ausflugs den Fahrer wechseln.<\\\/p>\\n\"}}]}<\/script>\n\t\t\t\t\t<\/div>\n\t\t\t\t\t\t<\/div>\n\t\t\t\t<\/div>\n\t\t\t\t\t<\/div>\n\t\t<\/div>\n\t\t\t\t\t<\/div>\n\t\t<\/section>\n\t\t\t\t<\/div>\n\t\t","protected":false},"excerpt":{"rendered":"<p>H\u00e4ufig gestellteFragen Welche Dienstleistungen bieten wir an? Wir sind ein Jetski-Unternehmen mit Sitz auf der Insel Mallorca. Wir bieten Hochseeausfl\u00fcge f\u00fcr Personen ohne Navigationslizenz an, aber auch f\u00fcr diejenigen, die eine haben. Qu\u2019elles sont les diff\u00e9rentes activit\u00e9s que nous proposons ? Wir bieten 3 Ausfl\u00fcge an: Tag und Sonnenuntergang: Tagestour: 30 Minuten \/ 1 Stunde [&hellip;]<\/p>\n","protected":false},"author":1,"featured_media":0,"parent":0,"menu_order":0,"comment_status":"closed","ping_status":"closed","template":"","meta":{"footnotes":""},"class_list":["post-5253","page","type-page","status-publish","hentry"],"yoast_head":"<!-- This site is optimized with the Yoast SEO plugin v25.6 - https:\/\/yoast.com\/wordpress\/plugins\/seo\/ -->\n<title>FAQ - Ride Experiences<\/title>\n<meta name=\"robots\" content=\"index, follow, max-snippet:-1, max-image-preview:large, max-video-preview:-1\" \/>\n<link rel=\"canonical\" href=\"https:\/\/ride-experiences.com\/de\/faq\/\" \/>\n<meta property=\"og:locale\" content=\"de_DE\" \/>\n<meta property=\"og:type\" content=\"article\" \/>\n<meta property=\"og:title\" content=\"FAQ - Ride Experiences\" \/>\n<meta property=\"og:description\" content=\"H\u00e4ufig gestellteFragen Welche Dienstleistungen bieten wir an? Wir sind ein Jetski-Unternehmen mit Sitz auf der Insel Mallorca. Wir bieten Hochseeausfl\u00fcge f\u00fcr Personen ohne Navigationslizenz an, aber auch f\u00fcr diejenigen, die eine haben. Qu\u2019elles sont les diff\u00e9rentes activit\u00e9s que nous proposons ? Wir bieten 3 Ausfl\u00fcge an: Tag und Sonnenuntergang: Tagestour: 30 Minuten \/ 1 Stunde [&hellip;]\" \/>\n<meta property=\"og:url\" content=\"https:\/\/ride-experiences.com\/de\/faq\/\" \/>\n<meta property=\"og:site_name\" content=\"Ride Experiences\" \/>\n<meta property=\"article:modified_time\" content=\"2023-02-03T23:06:58+00:00\" \/>\n<meta property=\"og:image\" content=\"https:\/\/ride-experiences.com\/wp-content\/uploads\/2022\/06\/Ride-experiences-jet-ski-kevin-002-png.png\" \/>\n<meta name=\"twitter:card\" content=\"summary_large_image\" \/>\n<meta name=\"twitter:label1\" content=\"Gesch\u00e4tzte Lesezeit\" \/>\n\t<meta name=\"twitter:data1\" content=\"2\u00a0Minuten\" \/>\n<script type=\"application\/ld+json\" class=\"yoast-schema-graph\">{\"@context\":\"https:\/\/schema.org\",\"@graph\":[{\"@type\":\"WebPage\",\"@id\":\"https:\/\/ride-experiences.com\/de\/faq\/\",\"url\":\"https:\/\/ride-experiences.com\/de\/faq\/\",\"name\":\"FAQ - Ride Experiences\",\"isPartOf\":{\"@id\":\"https:\/\/ride-experiences.com\/de\/#website\"},\"primaryImageOfPage\":{\"@id\":\"https:\/\/ride-experiences.com\/de\/faq\/#primaryimage\"},\"image\":{\"@id\":\"https:\/\/ride-experiences.com\/de\/faq\/#primaryimage\"},\"thumbnailUrl\":\"https:\/\/ride-experiences.com\/wp-content\/uploads\/2022\/06\/Ride-experiences-jet-ski-kevin-002-png.png\",\"datePublished\":\"2022-05-29T02:19:32+00:00\",\"dateModified\":\"2023-02-03T23:06:58+00:00\",\"breadcrumb\":{\"@id\":\"https:\/\/ride-experiences.com\/de\/faq\/#breadcrumb\"},\"inLanguage\":\"de\",\"potentialAction\":[{\"@type\":\"ReadAction\",\"target\":[\"https:\/\/ride-experiences.com\/de\/faq\/\"]}]},{\"@type\":\"ImageObject\",\"inLanguage\":\"de\",\"@id\":\"https:\/\/ride-experiences.com\/de\/faq\/#primaryimage\",\"url\":\"https:\/\/ride-experiences.com\/wp-content\/uploads\/2022\/06\/Ride-experiences-jet-ski-kevin-002-png.png\",\"contentUrl\":\"https:\/\/ride-experiences.com\/wp-content\/uploads\/2022\/06\/Ride-experiences-jet-ski-kevin-002-png.png\"},{\"@type\":\"BreadcrumbList\",\"@id\":\"https:\/\/ride-experiences.com\/de\/faq\/#breadcrumb\",\"itemListElement\":[{\"@type\":\"ListItem\",\"position\":1,\"name\":\"Home\",\"item\":\"https:\/\/ride-experiences.com\/de\/\"},{\"@type\":\"ListItem\",\"position\":2,\"name\":\"FAQ\"}]},{\"@type\":\"WebSite\",\"@id\":\"https:\/\/ride-experiences.com\/de\/#website\",\"url\":\"https:\/\/ride-experiences.com\/de\/\",\"name\":\"Ride Experiences\",\"description\":\"Jet ski Mallorca\",\"potentialAction\":[{\"@type\":\"SearchAction\",\"target\":{\"@type\":\"EntryPoint\",\"urlTemplate\":\"https:\/\/ride-experiences.com\/de\/?s={search_term_string}\"},\"query-input\":{\"@type\":\"PropertyValueSpecification\",\"valueRequired\":true,\"valueName\":\"search_term_string\"}}],\"inLanguage\":\"de\"}]}<\/script>\n<!-- \/ Yoast SEO plugin. -->","yoast_head_json":{"title":"FAQ - Ride Experiences","robots":{"index":"index","follow":"follow","max-snippet":"max-snippet:-1","max-image-preview":"max-image-preview:large","max-video-preview":"max-video-preview:-1"},"canonical":"https:\/\/ride-experiences.com\/de\/faq\/","og_locale":"de_DE","og_type":"article","og_title":"FAQ - Ride Experiences","og_description":"H\u00e4ufig gestellteFragen Welche Dienstleistungen bieten wir an? Wir sind ein Jetski-Unternehmen mit Sitz auf der Insel Mallorca. Wir bieten Hochseeausfl\u00fcge f\u00fcr Personen ohne Navigationslizenz an, aber auch f\u00fcr diejenigen, die eine haben. Qu\u2019elles sont les diff\u00e9rentes activit\u00e9s que nous proposons ? Wir bieten 3 Ausfl\u00fcge an: Tag und Sonnenuntergang: Tagestour: 30 Minuten \/ 1 Stunde [&hellip;]","og_url":"https:\/\/ride-experiences.com\/de\/faq\/","og_site_name":"Ride Experiences","article_modified_time":"2023-02-03T23:06:58+00:00","og_image":[{"url":"https:\/\/ride-experiences.com\/wp-content\/uploads\/2022\/06\/Ride-experiences-jet-ski-kevin-002-png.png","type":"","width":"","height":""}],"twitter_card":"summary_large_image","twitter_misc":{"Gesch\u00e4tzte Lesezeit":"2\u00a0Minuten"},"schema":{"@context":"https:\/\/schema.org","@graph":[{"@type":"WebPage","@id":"https:\/\/ride-experiences.com\/de\/faq\/","url":"https:\/\/ride-experiences.com\/de\/faq\/","name":"FAQ - Ride Experiences","isPartOf":{"@id":"https:\/\/ride-experiences.com\/de\/#website"},"primaryImageOfPage":{"@id":"https:\/\/ride-experiences.com\/de\/faq\/#primaryimage"},"image":{"@id":"https:\/\/ride-experiences.com\/de\/faq\/#primaryimage"},"thumbnailUrl":"https:\/\/ride-experiences.com\/wp-content\/uploads\/2022\/06\/Ride-experiences-jet-ski-kevin-002-png.png","datePublished":"2022-05-29T02:19:32+00:00","dateModified":"2023-02-03T23:06:58+00:00","breadcrumb":{"@id":"https:\/\/ride-experiences.com\/de\/faq\/#breadcrumb"},"inLanguage":"de","potentialAction":[{"@type":"ReadAction","target":["https:\/\/ride-experiences.com\/de\/faq\/"]}]},{"@type":"ImageObject","inLanguage":"de","@id":"https:\/\/ride-experiences.com\/de\/faq\/#primaryimage","url":"https:\/\/ride-experiences.com\/wp-content\/uploads\/2022\/06\/Ride-experiences-jet-ski-kevin-002-png.png","contentUrl":"https:\/\/ride-experiences.com\/wp-content\/uploads\/2022\/06\/Ride-experiences-jet-ski-kevin-002-png.png"},{"@type":"BreadcrumbList","@id":"https:\/\/ride-experiences.com\/de\/faq\/#breadcrumb","itemListElement":[{"@type":"ListItem","position":1,"name":"Home","item":"https:\/\/ride-experiences.com\/de\/"},{"@type":"ListItem","position":2,"name":"FAQ"}]},{"@type":"WebSite","@id":"https:\/\/ride-experiences.com\/de\/#website","url":"https:\/\/ride-experiences.com\/de\/","name":"Ride Experiences","description":"Jet ski Mallorca","potentialAction":[{"@type":"SearchAction","target":{"@type":"EntryPoint","urlTemplate":"https:\/\/ride-experiences.com\/de\/?s={search_term_string}"},"query-input":{"@type":"PropertyValueSpecification","valueRequired":true,"valueName":"search_term_string"}}],"inLanguage":"de"}]}},"_links":{"self":[{"href":"https:\/\/ride-experiences.com\/de\/wp-json\/wp\/v2\/pages\/5253","targetHints":{"allow":["GET"]}}],"collection":[{"href":"https:\/\/ride-experiences.com\/de\/wp-json\/wp\/v2\/pages"}],"about":[{"href":"https:\/\/ride-experiences.com\/de\/wp-json\/wp\/v2\/types\/page"}],"author":[{"embeddable":true,"href":"https:\/\/ride-experiences.com\/de\/wp-json\/wp\/v2\/users\/1"}],"replies":[{"embeddable":true,"href":"https:\/\/ride-experiences.com\/de\/wp-json\/wp\/v2\/comments?post=5253"}],"version-history":[{"count":0,"href":"https:\/\/ride-experiences.com\/de\/wp-json\/wp\/v2\/pages\/5253\/revisions"}],"wp:attachment":[{"href":"https:\/\/ride-experiences.com\/de\/wp-json\/wp\/v2\/media?parent=5253"}],"curies":[{"name":"wp","href":"https:\/\/api.w.org\/{rel}","templated":true}]}}