{"id":6701,"date":"2022-06-13T15:53:13","date_gmt":"2022-06-13T13:53:13","guid":{"rendered":"https:\/\/ride-experiences.com\/kauf-und-rueckgaberecht\/"},"modified":"2022-07-13T15:20:29","modified_gmt":"2022-07-13T13:20:29","slug":"kauf-und-rueckgaberecht","status":"publish","type":"page","link":"https:\/\/ride-experiences.com\/de\/kauf-und-rueckgaberecht\/","title":{"rendered":"Kauf- und R\u00fcckgaberecht"},"content":{"rendered":"\t\t<div data-elementor-type=\"wp-page\" data-elementor-id=\"6701\" class=\"elementor elementor-6701 elementor-5993\" data-elementor-post-type=\"page\">\n\t\t\t\t\t\t<section class=\"elementor-section elementor-top-section elementor-element elementor-element-f597f20 elementor-section-height-min-height elementor-section-items-top elementor-section-full_width elementor-section-height-default\" data-id=\"f597f20\" data-element_type=\"section\" data-settings=\"{&quot;background_background&quot;:&quot;classic&quot;}\">\n\t\t\t\t\t\t<div class=\"elementor-container elementor-column-gap-default\">\n\t\t\t\t\t<div class=\"elementor-column elementor-col-100 elementor-top-column elementor-element elementor-element-3e1b2cd\" data-id=\"3e1b2cd\" data-element_type=\"column\">\n\t\t\t<div class=\"elementor-widget-wrap elementor-element-populated\">\n\t\t\t\t\t\t<div class=\"elementor-element elementor-element-c9c3220 elementor-widget elementor-widget-spacer\" data-id=\"c9c3220\" data-element_type=\"widget\" data-widget_type=\"spacer.default\">\n\t\t\t\t<div class=\"elementor-widget-container\">\n\t\t\t\t\t\t\t<div class=\"elementor-spacer\">\n\t\t\t<div class=\"elementor-spacer-inner\"><\/div>\n\t\t<\/div>\n\t\t\t\t\t\t<\/div>\n\t\t\t\t<\/div>\n\t\t\t\t<div class=\"elementor-element elementor-element-5715c94 elementor-widget elementor-widget-heading\" data-id=\"5715c94\" data-element_type=\"widget\" data-widget_type=\"heading.default\">\n\t\t\t\t<div class=\"elementor-widget-container\">\n\t\t\t\t\t<h2 class=\"elementor-heading-title elementor-size-default\">Richtlinien f\u00fcr<\/br><span class=\"Duo-title\">K\u00e4ufe und R\u00fcckgaben<\/span><\/h2>\t\t\t\t<\/div>\n\t\t\t\t<\/div>\n\t\t\t\t<div class=\"elementor-element elementor-element-69e2721 elementor-widget elementor-widget-text-editor\" data-id=\"69e2721\" data-element_type=\"widget\" data-widget_type=\"text-editor.default\">\n\t\t\t\t<div class=\"elementor-widget-container\">\n\t\t\t\t\t\t\t\t\t<p>F\u00fcr RIDE EXPERIENCES ist es sehr wichtig, dass Sie mit Ihrem Kauf zufrieden sind. Aus diesem Grund werden alle Eink\u00e4ufe auf <a href=\"https:\/\/ride-experiences.com\/de\/\">www.ride-experiences.com get\u00e4tigt <\/a> unterliegen der folgenden \u00c4nderungs- und R\u00fcckgaberichtlinie, die wir als Vorteil f\u00fcr unsere Kunden bereitstellen:<\/p><p><strong>\u00c4nderungen<\/strong><\/p><p>Produkt\u00e4nderungen vornehmen RIDE EXPERIENCES ist sehr einfach. Wenn Sie ein Produkt auf <a href=\"https:\/\/ride-experiences.com\/de\/\">www.ride-experiences.com<\/a> oder in unserem Gesch\u00e4ft kaufen und aus irgendeinem Grund ein Produkt machen m\u00f6chten Wechseln k\u00f6nnen Sie in unserem physischen Gesch\u00e4ft in RIDE EXPERIENCE mit NIF B16624868, eingetragener Sitz in C\/Dinamarca, 7, 07015 PALMA DE MALLORCA (BALEAREN), wir sind von Montag bis Sonntag von 10:00 bis ge\u00f6ffnet 20.00. Die \u00c4nderungsfrist betr\u00e4gt <strong>30 Tage<\/strong> ab Ausstellungsdatum des Tickets oder der Rechnung.<\/p><p>Die Produkte m\u00fcssen unbenutzt, unbesch\u00e4digt, mit Etiketten und Originalverpackung sein.< \/p><p>Sie m\u00fcssen die Rechnung\/Rechnung oder den Umtauschschein vorlegen. Falls Sie den Kaufbeleg verloren haben, k\u00f6nnen Sie sich mit Ihrem Personalausweis und dem Kaufdatum vorzeigen und wir suchen nach Ihrem Ticket oder Ihrer Rechnung. Wenn das Ticket oder die Rechnung nicht gefunden wird, kann die \u00c4nderung nicht durchgef\u00fchrt werden.<\/p><p>Die \u00c4nderung ist nur dann kostenlos, wenn sie f\u00fcr dasselbe Produkt in einer anderen Gr\u00f6\u00dfe vorgenommen wird, Sie aber daf\u00fcr \u00e4ndern m\u00f6chten ein anderes Produkt oder , f\u00fcr das gleiche Produkt, aber in einer anderen Farbe, muss die Preisdifferenz bezahlt werden, falls vorhanden. Wenn Sie es gegen ein Produkt mit geringerem Wert eintauschen m\u00f6chten, wird das Geld, das sich aus der Preisdifferenz ergibt, nicht erstattet, sondern Sie m\u00fcssen zus\u00e4tzliche Produkte ausw\u00e4hlen, um kein Guthaben zu Ihren Gunsten zu haben.<\/p><p ><strong>R\u00fcckgabe von Online-K\u00e4ufen<\/strong><\/p><ul><li>Wenn das von Ihnen online gekaufte Produkt nicht Ihren Erwartungen entsprach, k\u00f6nnen Sie innerhalb von <strong>10 Tagen<\/strong> eine R\u00fcckerstattung beantragen. strong> ab Ausstellungsdatum des Tickets oder der Rechnung gez\u00e4hlt.<\/li><li>Wenn Sie Ihr online gekauftes Produkt zur\u00fcckgeben m\u00f6chten, k\u00f6nnen Sie dies in unserem physischen Gesch\u00e4ft bei RIDE EXPERIENCE mit NIF B16624868, eingetragener Firmensitz in tun C\/Dinamarca , 7, 07015 PALMA DE MALLORCA (BALEAREN) Wir sind von Montag bis Sonntag von 10:00 bis 20:00 Uhr ge\u00f6ffnet. Dort erhalten Sie eine Kopie des &#8222;Return Request Form&#8220;, das die R\u00fcckgabe Ihres Produkts best\u00e4tigt und den R\u00fcckerstattungsprozess aktiviert.<\/li><li>Die Produkte m\u00fcssen unbenutzt, unbesch\u00e4digt und mit ihren Originaletiketten und -verpackungen sein.<\/li><li>Sie m\u00fcssen das Ticket oder die Rechnung im Gesch\u00e4ft vorlegen.<\/li><li>Um die Geldr\u00fcckerstattung Sie werden gebeten, ein Formular mit Ihren pers\u00f6nlichen Daten und den Daten Ihres Bankkontos auszuf\u00fcllen, und es wird eine Gutschrift ausgestellt, damit Sie dann den auf der Rechnung oder dem Kauf angegebenen bezahlten Betrag elektronisch \u00fcberweisen k\u00f6nnen <\/li><li>Die Zahlung erfolgt innerhalb von <strong>5 Werktagen<\/strong> nach Eingang des Produkts im Gesch\u00e4ft auf das von Ihnen angegebene Bankkonto. Im Ladengesch\u00e4ft werden keine Barr\u00fcckerstattungen vorgenommen.<\/li><li>Gilt nicht f\u00fcr ausverkaufte oder eingestellte Produkte.<\/li><li>F\u00fcr Eink\u00e4ufe im Ladengesch\u00e4ft werden keine R\u00fcckerstattungen akzeptiert.<\/li>< \/ul>\t\t\t\t\t\t\t\t<\/div>\n\t\t\t\t<\/div>\n\t\t\t\t<div class=\"elementor-element elementor-element-39a5874 elementor-widget elementor-widget-image\" data-id=\"39a5874\" data-element_type=\"widget\" data-widget_type=\"image.default\">\n\t\t\t\t<div class=\"elementor-widget-container\">\n\t\t\t\t\t\t\t\t\t\t\t\t\t\t\t<img fetchpriority=\"high\" decoding=\"async\" width=\"1300\" height=\"1094\" src=\"https:\/\/ride-experiences.com\/wp-content\/uploads\/2022\/06\/Ride-experiences-jet-ski-kevin-002-png.png\" class=\"attachment-full size-full wp-image-3213\" alt=\"\" srcset=\"https:\/\/ride-experiences.com\/wp-content\/uploads\/2022\/06\/Ride-experiences-jet-ski-kevin-002-png.png 1300w, https:\/\/ride-experiences.com\/wp-content\/uploads\/2022\/06\/Ride-experiences-jet-ski-kevin-002-png-300x252.png 300w, https:\/\/ride-experiences.com\/wp-content\/uploads\/2022\/06\/Ride-experiences-jet-ski-kevin-002-png-1024x862.png 1024w, https:\/\/ride-experiences.com\/wp-content\/uploads\/2022\/06\/Ride-experiences-jet-ski-kevin-002-png-768x646.png 768w\" sizes=\"(max-width: 1300px) 100vw, 1300px\" \/>\t\t\t\t\t\t\t\t\t\t\t\t\t\t\t<\/div>\n\t\t\t\t<\/div>\n\t\t\t\t\t<\/div>\n\t\t<\/div>\n\t\t\t\t\t<\/div>\n\t\t<\/section>\n\t\t\t\t<\/div>\n\t\t","protected":false},"excerpt":{"rendered":"<p>Richtlinien f\u00fcrK\u00e4ufe und R\u00fcckgaben F\u00fcr RIDE EXPERIENCES ist es sehr wichtig, dass Sie mit Ihrem Kauf zufrieden sind. Aus diesem Grund werden alle Eink\u00e4ufe auf www.ride-experiences.com get\u00e4tigt unterliegen der folgenden \u00c4nderungs- und R\u00fcckgaberichtlinie, die wir als Vorteil f\u00fcr unsere Kunden bereitstellen: \u00c4nderungen Produkt\u00e4nderungen vornehmen RIDE EXPERIENCES ist sehr einfach. Wenn Sie ein Produkt auf www.ride-experiences.com [&hellip;]<\/p>\n","protected":false},"author":1,"featured_media":0,"parent":0,"menu_order":0,"comment_status":"closed","ping_status":"closed","template":"","meta":{"footnotes":""},"class_list":["post-6701","page","type-page","status-publish","hentry"],"yoast_head":"<!-- This site is optimized with the Yoast SEO plugin v25.6 - https:\/\/yoast.com\/wordpress\/plugins\/seo\/ -->\n<title>Kauf- und R\u00fcckgaberecht - Ride Experiences<\/title>\n<meta name=\"robots\" content=\"index, follow, max-snippet:-1, max-image-preview:large, max-video-preview:-1\" \/>\n<link rel=\"canonical\" href=\"https:\/\/ride-experiences.com\/de\/kauf-und-rueckgaberecht\/\" \/>\n<meta property=\"og:locale\" content=\"de_DE\" \/>\n<meta property=\"og:type\" content=\"article\" \/>\n<meta property=\"og:title\" content=\"Kauf- und R\u00fcckgaberecht - Ride Experiences\" \/>\n<meta property=\"og:description\" content=\"Richtlinien f\u00fcrK\u00e4ufe und R\u00fcckgaben F\u00fcr RIDE EXPERIENCES ist es sehr wichtig, dass Sie mit Ihrem Kauf zufrieden sind. Aus diesem Grund werden alle Eink\u00e4ufe auf www.ride-experiences.com get\u00e4tigt unterliegen der folgenden \u00c4nderungs- und R\u00fcckgaberichtlinie, die wir als Vorteil f\u00fcr unsere Kunden bereitstellen: \u00c4nderungen Produkt\u00e4nderungen vornehmen RIDE EXPERIENCES ist sehr einfach. Wenn Sie ein Produkt auf www.ride-experiences.com [&hellip;]\" \/>\n<meta property=\"og:url\" content=\"https:\/\/ride-experiences.com\/de\/kauf-und-rueckgaberecht\/\" \/>\n<meta property=\"og:site_name\" content=\"Ride Experiences\" \/>\n<meta property=\"article:modified_time\" content=\"2022-07-13T13:20:29+00:00\" \/>\n<meta property=\"og:image\" content=\"https:\/\/ride-experiences.com\/wp-content\/uploads\/2022\/06\/Ride-experiences-jet-ski-kevin-002-png.png\" \/>\n<meta name=\"twitter:card\" content=\"summary_large_image\" \/>\n<meta name=\"twitter:label1\" content=\"Gesch\u00e4tzte Lesezeit\" \/>\n\t<meta name=\"twitter:data1\" content=\"3\u00a0Minuten\" \/>\n<script type=\"application\/ld+json\" class=\"yoast-schema-graph\">{\"@context\":\"https:\/\/schema.org\",\"@graph\":[{\"@type\":\"WebPage\",\"@id\":\"https:\/\/ride-experiences.com\/de\/kauf-und-rueckgaberecht\/\",\"url\":\"https:\/\/ride-experiences.com\/de\/kauf-und-rueckgaberecht\/\",\"name\":\"Kauf- und R\u00fcckgaberecht - Ride Experiences\",\"isPartOf\":{\"@id\":\"https:\/\/ride-experiences.com\/de\/#website\"},\"primaryImageOfPage\":{\"@id\":\"https:\/\/ride-experiences.com\/de\/kauf-und-rueckgaberecht\/#primaryimage\"},\"image\":{\"@id\":\"https:\/\/ride-experiences.com\/de\/kauf-und-rueckgaberecht\/#primaryimage\"},\"thumbnailUrl\":\"https:\/\/ride-experiences.com\/wp-content\/uploads\/2022\/06\/Ride-experiences-jet-ski-kevin-002-png.png\",\"datePublished\":\"2022-06-13T13:53:13+00:00\",\"dateModified\":\"2022-07-13T13:20:29+00:00\",\"breadcrumb\":{\"@id\":\"https:\/\/ride-experiences.com\/de\/kauf-und-rueckgaberecht\/#breadcrumb\"},\"inLanguage\":\"de\",\"potentialAction\":[{\"@type\":\"ReadAction\",\"target\":[\"https:\/\/ride-experiences.com\/de\/kauf-und-rueckgaberecht\/\"]}]},{\"@type\":\"ImageObject\",\"inLanguage\":\"de\",\"@id\":\"https:\/\/ride-experiences.com\/de\/kauf-und-rueckgaberecht\/#primaryimage\",\"url\":\"https:\/\/ride-experiences.com\/wp-content\/uploads\/2022\/06\/Ride-experiences-jet-ski-kevin-002-png.png\",\"contentUrl\":\"https:\/\/ride-experiences.com\/wp-content\/uploads\/2022\/06\/Ride-experiences-jet-ski-kevin-002-png.png\"},{\"@type\":\"BreadcrumbList\",\"@id\":\"https:\/\/ride-experiences.com\/de\/kauf-und-rueckgaberecht\/#breadcrumb\",\"itemListElement\":[{\"@type\":\"ListItem\",\"position\":1,\"name\":\"Home\",\"item\":\"https:\/\/ride-experiences.com\/de\/\"},{\"@type\":\"ListItem\",\"position\":2,\"name\":\"Kauf- und R\u00fcckgaberecht\"}]},{\"@type\":\"WebSite\",\"@id\":\"https:\/\/ride-experiences.com\/de\/#website\",\"url\":\"https:\/\/ride-experiences.com\/de\/\",\"name\":\"Ride Experiences\",\"description\":\"Jet ski Mallorca\",\"potentialAction\":[{\"@type\":\"SearchAction\",\"target\":{\"@type\":\"EntryPoint\",\"urlTemplate\":\"https:\/\/ride-experiences.com\/de\/?s={search_term_string}\"},\"query-input\":{\"@type\":\"PropertyValueSpecification\",\"valueRequired\":true,\"valueName\":\"search_term_string\"}}],\"inLanguage\":\"de\"}]}<\/script>\n<!-- \/ Yoast SEO plugin. -->","yoast_head_json":{"title":"Kauf- und R\u00fcckgaberecht - Ride Experiences","robots":{"index":"index","follow":"follow","max-snippet":"max-snippet:-1","max-image-preview":"max-image-preview:large","max-video-preview":"max-video-preview:-1"},"canonical":"https:\/\/ride-experiences.com\/de\/kauf-und-rueckgaberecht\/","og_locale":"de_DE","og_type":"article","og_title":"Kauf- und R\u00fcckgaberecht - Ride Experiences","og_description":"Richtlinien f\u00fcrK\u00e4ufe und R\u00fcckgaben F\u00fcr RIDE EXPERIENCES ist es sehr wichtig, dass Sie mit Ihrem Kauf zufrieden sind. Aus diesem Grund werden alle Eink\u00e4ufe auf www.ride-experiences.com get\u00e4tigt unterliegen der folgenden \u00c4nderungs- und R\u00fcckgaberichtlinie, die wir als Vorteil f\u00fcr unsere Kunden bereitstellen: \u00c4nderungen Produkt\u00e4nderungen vornehmen RIDE EXPERIENCES ist sehr einfach. Wenn Sie ein Produkt auf www.ride-experiences.com [&hellip;]","og_url":"https:\/\/ride-experiences.com\/de\/kauf-und-rueckgaberecht\/","og_site_name":"Ride Experiences","article_modified_time":"2022-07-13T13:20:29+00:00","og_image":[{"url":"https:\/\/ride-experiences.com\/wp-content\/uploads\/2022\/06\/Ride-experiences-jet-ski-kevin-002-png.png","type":"","width":"","height":""}],"twitter_card":"summary_large_image","twitter_misc":{"Gesch\u00e4tzte Lesezeit":"3\u00a0Minuten"},"schema":{"@context":"https:\/\/schema.org","@graph":[{"@type":"WebPage","@id":"https:\/\/ride-experiences.com\/de\/kauf-und-rueckgaberecht\/","url":"https:\/\/ride-experiences.com\/de\/kauf-und-rueckgaberecht\/","name":"Kauf- und R\u00fcckgaberecht - Ride Experiences","isPartOf":{"@id":"https:\/\/ride-experiences.com\/de\/#website"},"primaryImageOfPage":{"@id":"https:\/\/ride-experiences.com\/de\/kauf-und-rueckgaberecht\/#primaryimage"},"image":{"@id":"https:\/\/ride-experiences.com\/de\/kauf-und-rueckgaberecht\/#primaryimage"},"thumbnailUrl":"https:\/\/ride-experiences.com\/wp-content\/uploads\/2022\/06\/Ride-experiences-jet-ski-kevin-002-png.png","datePublished":"2022-06-13T13:53:13+00:00","dateModified":"2022-07-13T13:20:29+00:00","breadcrumb":{"@id":"https:\/\/ride-experiences.com\/de\/kauf-und-rueckgaberecht\/#breadcrumb"},"inLanguage":"de","potentialAction":[{"@type":"ReadAction","target":["https:\/\/ride-experiences.com\/de\/kauf-und-rueckgaberecht\/"]}]},{"@type":"ImageObject","inLanguage":"de","@id":"https:\/\/ride-experiences.com\/de\/kauf-und-rueckgaberecht\/#primaryimage","url":"https:\/\/ride-experiences.com\/wp-content\/uploads\/2022\/06\/Ride-experiences-jet-ski-kevin-002-png.png","contentUrl":"https:\/\/ride-experiences.com\/wp-content\/uploads\/2022\/06\/Ride-experiences-jet-ski-kevin-002-png.png"},{"@type":"BreadcrumbList","@id":"https:\/\/ride-experiences.com\/de\/kauf-und-rueckgaberecht\/#breadcrumb","itemListElement":[{"@type":"ListItem","position":1,"name":"Home","item":"https:\/\/ride-experiences.com\/de\/"},{"@type":"ListItem","position":2,"name":"Kauf- und R\u00fcckgaberecht"}]},{"@type":"WebSite","@id":"https:\/\/ride-experiences.com\/de\/#website","url":"https:\/\/ride-experiences.com\/de\/","name":"Ride Experiences","description":"Jet ski Mallorca","potentialAction":[{"@type":"SearchAction","target":{"@type":"EntryPoint","urlTemplate":"https:\/\/ride-experiences.com\/de\/?s={search_term_string}"},"query-input":{"@type":"PropertyValueSpecification","valueRequired":true,"valueName":"search_term_string"}}],"inLanguage":"de"}]}},"_links":{"self":[{"href":"https:\/\/ride-experiences.com\/de\/wp-json\/wp\/v2\/pages\/6701","targetHints":{"allow":["GET"]}}],"collection":[{"href":"https:\/\/ride-experiences.com\/de\/wp-json\/wp\/v2\/pages"}],"about":[{"href":"https:\/\/ride-experiences.com\/de\/wp-json\/wp\/v2\/types\/page"}],"author":[{"embeddable":true,"href":"https:\/\/ride-experiences.com\/de\/wp-json\/wp\/v2\/users\/1"}],"replies":[{"embeddable":true,"href":"https:\/\/ride-experiences.com\/de\/wp-json\/wp\/v2\/comments?post=6701"}],"version-history":[{"count":0,"href":"https:\/\/ride-experiences.com\/de\/wp-json\/wp\/v2\/pages\/6701\/revisions"}],"wp:attachment":[{"href":"https:\/\/ride-experiences.com\/de\/wp-json\/wp\/v2\/media?parent=6701"}],"curies":[{"name":"wp","href":"https:\/\/api.w.org\/{rel}","templated":true}]}}