{"id":6699,"date":"2022-06-13T15:53:13","date_gmt":"2022-06-13T13:53:13","guid":{"rendered":"https:\/\/ride-experiences.com\/politique-dachat-et-de-retour\/"},"modified":"2022-07-13T15:16:04","modified_gmt":"2022-07-13T13:16:04","slug":"politique-dachat-et-de-retour","status":"publish","type":"page","link":"https:\/\/ride-experiences.com\/fr\/politique-dachat-et-de-retour\/","title":{"rendered":"Politique d&rsquo;achat et de retour"},"content":{"rendered":"\t\t<div data-elementor-type=\"wp-page\" data-elementor-id=\"6699\" class=\"elementor elementor-6699 elementor-5993\" data-elementor-post-type=\"page\">\n\t\t\t\t\t\t<section class=\"elementor-section elementor-top-section elementor-element elementor-element-f597f20 elementor-section-height-min-height elementor-section-items-top elementor-section-full_width elementor-section-height-default\" data-id=\"f597f20\" data-element_type=\"section\" data-settings=\"{&quot;background_background&quot;:&quot;classic&quot;}\">\n\t\t\t\t\t\t<div class=\"elementor-container elementor-column-gap-default\">\n\t\t\t\t\t<div class=\"elementor-column elementor-col-100 elementor-top-column elementor-element elementor-element-3e1b2cd\" data-id=\"3e1b2cd\" data-element_type=\"column\">\n\t\t\t<div class=\"elementor-widget-wrap elementor-element-populated\">\n\t\t\t\t\t\t<div class=\"elementor-element elementor-element-c9c3220 elementor-widget elementor-widget-spacer\" data-id=\"c9c3220\" data-element_type=\"widget\" data-widget_type=\"spacer.default\">\n\t\t\t\t<div class=\"elementor-widget-container\">\n\t\t\t\t\t\t\t<div class=\"elementor-spacer\">\n\t\t\t<div class=\"elementor-spacer-inner\"><\/div>\n\t\t<\/div>\n\t\t\t\t\t\t<\/div>\n\t\t\t\t<\/div>\n\t\t\t\t<div class=\"elementor-element elementor-element-5715c94 elementor-widget elementor-widget-heading\" data-id=\"5715c94\" data-element_type=\"widget\" data-widget_type=\"heading.default\">\n\t\t\t\t<div class=\"elementor-widget-container\">\n\t\t\t\t\t<h2 class=\"elementor-heading-title elementor-size-default\">Politique d'<\/br><span class=\"Duo-title\">achat et retour<\/span><\/h2>\t\t\t\t<\/div>\n\t\t\t\t<\/div>\n\t\t\t\t<div class=\"elementor-element elementor-element-69e2721 elementor-widget elementor-widget-text-editor\" data-id=\"69e2721\" data-element_type=\"widget\" data-widget_type=\"text-editor.default\">\n\t\t\t\t<div class=\"elementor-widget-container\">\n\t\t\t\t\t\t\t\t\tPour RIDE EXPERIENCES, il est tr\u00e8s important que vous vous sentiez satisfait de votre achat, pour cette raison, tous les achats effectu\u00e9s sur <a href=\"https:\/\/ride-experiences.com\/fr\/\">www.ride-experiences.com <\/a> sont soumis \u00e0 la politique de modifications et de retours suivante que nous proposons \u00e0 nos clients\u00a0:\r\n\r\n<strong>Modifications<\/strong>\r\n\r\nApporter des modifications aux produits dans RIDE EXPERIENCES est tr\u00e8s facile. Si vous achetez un produit sur <a href=\"https:\/\/ride-experiences.com\/fr\/\">www.ride-experiences.com<\/a> ou dans notre magasin physique et, pour une raison quelconque, vous souhaitez faire une changer, vous pouvez le faire dans notre magasin physique situ\u00e9 \u00e0 RIDE EXPERIENCE avec NIF B16624868, si\u00e8ge social \u00e0 C\/Dinamarca, 7, 07015 PALMA DE MAJORQUE (\u00ceLES BALEARES), nous sommes ouverts du lundi au dimanche, de 10h00 \u00e0 20:00. Le d\u00e9lai pour effectuer une modification est de <strong>30 jours<\/strong> \u00e0 compter de la date d&rsquo;\u00e9mission du ticket ou de la facture.\r\n\r\nLes produits doivent \u00eatre inutilis\u00e9s, non endommag\u00e9s, avec leurs \u00e9tiquettes et leur emballage d&rsquo;origine.&lt; \/p&gt;\r\n\r\nVous devez pr\u00e9senter l&rsquo;addition\/la facture ou le ticket d&rsquo;\u00e9change. Si vous avez perdu le document d&rsquo;achat, vous pouvez vous pr\u00e9senter avec votre carte d&rsquo;identit\u00e9 et indiquer la date d&rsquo;achat et nous chercherons votre billet ou votre facture. Si le ticket ou la facture n&rsquo;est pas trouv\u00e9, le changement ne pourra pas \u00eatre ex\u00e9cut\u00e9.\r\n\r\nLe changement ne sera gratuit que s&rsquo;il est effectu\u00e9 pour le m\u00eame produit dans une taille diff\u00e9rente, mais si vous souhaitez changer pour un autre produit ou , pour le m\u00eame produit, mais dans une couleur diff\u00e9rente, la diff\u00e9rence de prix devra \u00eatre pay\u00e9e s&rsquo;il y en a une. Si vous souhaitez l&rsquo;\u00e9changer contre un produit de moindre valeur, l&rsquo;argent r\u00e9sultant de la diff\u00e9rence de prix ne vous sera pas rembours\u00e9, mais vous devrez choisir des produits suppl\u00e9mentaires, afin de n&rsquo;avoir aucun solde en votre faveur.\r\n\r\n<strong> Retours d&rsquo;achats en ligne<\/strong>\r\n<ul>\r\n \t<li>Si le produit que vous avez achet\u00e9 en ligne n&rsquo;a pas r\u00e9pondu \u00e0 vos attentes, vous pouvez demander un remboursement dans un d\u00e9lai de <strong>10 jours&lt;\/ strong&gt; \u00e0 compter de la date d&rsquo;\u00e9mission du billet ou de la facture.<\/strong><\/li>\r\n \t<li>Si vous souhaitez retourner votre produit achet\u00e9 en ligne, vous pouvez le faire dans notre magasin physique situ\u00e9 \u00e0 RIDE EXPERIENCE avec NIF B16624868, si\u00e8ge social \u00e0 C\/Dinamarca , 7, 07015 PALMA DE MAJORQUE (\u00ceLES BALEARES) Nous sommes ouverts du lundi au dimanche, de 10h00 \u00e0 20h00. Vous y recevrez une copie du \u00ab\u00a0Formulaire de demande de retour\u00a0\u00bb, qui accr\u00e9dite le retour de votre produit et active le processus de remboursement.<\/li>\r\n<li>Les produits doivent \u00eatre inutilis\u00e9s, en bon \u00e9tat, avec leurs \u00e9tiquettes et emballages d&rsquo;origine.<\/li><li>Vous devez pr\u00e9senter le ticket ou la facture au magasin.<\/li><li>Pour effectuer le remboursement, vous devrez \u00eatre invit\u00e9 \u00e0 remplir un formulaire avec vos donn\u00e9es personnelles et les donn\u00e9es de votre compte bancaire et une note de cr\u00e9dit sera \u00e9mise, afin de pouvoir ult\u00e9rieurement effectuer un virement \u00e9lectronique du montant pay\u00e9 comme indiqu\u00e9 sur la facture ou la facture d&rsquo;achat. <\/li ><li>Le paiement sera effectu\u00e9 sur le compte bancaire que vous indiquez, dans un d\u00e9lai maximum de <strong>5 jours ouvrables<\/strong> \u00e0 compter de la r\u00e9ception du produit en magasin. Aucun remboursement en esp\u00e8ces n&rsquo;est effectu\u00e9 dans le magasin physique.<\/li><li>Ne s&rsquo;applique pas aux produits en liquidation ou abandonn\u00e9s.<\/li><li>Les remboursements ne sont pas accept\u00e9s pour les achats effectu\u00e9s dans le magasin physique.<\/li>\r\n<\/ul>\t\t\t\t\t\t\t\t<\/div>\n\t\t\t\t<\/div>\n\t\t\t\t<div class=\"elementor-element elementor-element-39a5874 elementor-widget elementor-widget-image\" data-id=\"39a5874\" data-element_type=\"widget\" data-widget_type=\"image.default\">\n\t\t\t\t<div class=\"elementor-widget-container\">\n\t\t\t\t\t\t\t\t\t\t\t\t\t\t\t<img fetchpriority=\"high\" decoding=\"async\" width=\"1300\" height=\"1094\" src=\"https:\/\/ride-experiences.com\/wp-content\/uploads\/2022\/06\/Ride-experiences-jet-ski-kevin-002-png.png\" class=\"attachment-full size-full wp-image-3212\" alt=\"\" srcset=\"https:\/\/ride-experiences.com\/wp-content\/uploads\/2022\/06\/Ride-experiences-jet-ski-kevin-002-png.png 1300w, https:\/\/ride-experiences.com\/wp-content\/uploads\/2022\/06\/Ride-experiences-jet-ski-kevin-002-png-300x252.png 300w, https:\/\/ride-experiences.com\/wp-content\/uploads\/2022\/06\/Ride-experiences-jet-ski-kevin-002-png-1024x862.png 1024w, https:\/\/ride-experiences.com\/wp-content\/uploads\/2022\/06\/Ride-experiences-jet-ski-kevin-002-png-768x646.png 768w\" sizes=\"(max-width: 1300px) 100vw, 1300px\" \/>\t\t\t\t\t\t\t\t\t\t\t\t\t\t\t<\/div>\n\t\t\t\t<\/div>\n\t\t\t\t\t<\/div>\n\t\t<\/div>\n\t\t\t\t\t<\/div>\n\t\t<\/section>\n\t\t\t\t<\/div>\n\t\t","protected":false},"excerpt":{"rendered":"<p>Politique d&rsquo;achat et retour Pour RIDE EXPERIENCES, il est tr\u00e8s important que vous vous sentiez satisfait de votre achat, pour cette raison, tous les achats effectu\u00e9s sur www.ride-experiences.com sont soumis \u00e0 la politique de modifications et de retours suivante que nous proposons \u00e0 nos clients\u00a0: Modifications Apporter des modifications aux produits dans RIDE EXPERIENCES est [&hellip;]<\/p>\n","protected":false},"author":1,"featured_media":0,"parent":0,"menu_order":0,"comment_status":"closed","ping_status":"closed","template":"","meta":{"footnotes":""},"class_list":["post-6699","page","type-page","status-publish","hentry"],"yoast_head":"<!-- This site is optimized with the Yoast SEO plugin v25.6 - https:\/\/yoast.com\/wordpress\/plugins\/seo\/ -->\n<title>Politique d&#039;achat et de retour - Ride Experiences<\/title>\n<meta name=\"robots\" content=\"index, follow, max-snippet:-1, max-image-preview:large, max-video-preview:-1\" \/>\n<link rel=\"canonical\" href=\"https:\/\/ride-experiences.com\/fr\/politique-dachat-et-de-retour\/\" \/>\n<meta property=\"og:locale\" content=\"fr_FR\" \/>\n<meta property=\"og:type\" content=\"article\" \/>\n<meta property=\"og:title\" content=\"Politique d&#039;achat et de retour - Ride Experiences\" \/>\n<meta property=\"og:description\" content=\"Politique d&rsquo;achat et retour Pour RIDE EXPERIENCES, il est tr\u00e8s important que vous vous sentiez satisfait de votre achat, pour cette raison, tous les achats effectu\u00e9s sur www.ride-experiences.com sont soumis \u00e0 la politique de modifications et de retours suivante que nous proposons \u00e0 nos clients\u00a0: Modifications Apporter des modifications aux produits dans RIDE EXPERIENCES est [&hellip;]\" \/>\n<meta property=\"og:url\" content=\"https:\/\/ride-experiences.com\/fr\/politique-dachat-et-de-retour\/\" \/>\n<meta property=\"og:site_name\" content=\"Ride Experiences\" \/>\n<meta property=\"article:modified_time\" content=\"2022-07-13T13:16:04+00:00\" \/>\n<meta property=\"og:image\" content=\"https:\/\/ride-experiences.com\/wp-content\/uploads\/2022\/06\/Ride-experiences-jet-ski-kevin-002-png.png\" \/>\n<meta name=\"twitter:card\" content=\"summary_large_image\" \/>\n<meta name=\"twitter:label1\" content=\"Dur\u00e9e de lecture estim\u00e9e\" \/>\n\t<meta name=\"twitter:data1\" content=\"3 minutes\" \/>\n<script type=\"application\/ld+json\" class=\"yoast-schema-graph\">{\"@context\":\"https:\/\/schema.org\",\"@graph\":[{\"@type\":\"WebPage\",\"@id\":\"https:\/\/ride-experiences.com\/fr\/politique-dachat-et-de-retour\/\",\"url\":\"https:\/\/ride-experiences.com\/fr\/politique-dachat-et-de-retour\/\",\"name\":\"Politique d'achat et de retour - Ride Experiences\",\"isPartOf\":{\"@id\":\"https:\/\/ride-experiences.com\/fr\/#website\"},\"primaryImageOfPage\":{\"@id\":\"https:\/\/ride-experiences.com\/fr\/politique-dachat-et-de-retour\/#primaryimage\"},\"image\":{\"@id\":\"https:\/\/ride-experiences.com\/fr\/politique-dachat-et-de-retour\/#primaryimage\"},\"thumbnailUrl\":\"https:\/\/ride-experiences.com\/wp-content\/uploads\/2022\/06\/Ride-experiences-jet-ski-kevin-002-png.png\",\"datePublished\":\"2022-06-13T13:53:13+00:00\",\"dateModified\":\"2022-07-13T13:16:04+00:00\",\"breadcrumb\":{\"@id\":\"https:\/\/ride-experiences.com\/fr\/politique-dachat-et-de-retour\/#breadcrumb\"},\"inLanguage\":\"fr-FR\",\"potentialAction\":[{\"@type\":\"ReadAction\",\"target\":[\"https:\/\/ride-experiences.com\/fr\/politique-dachat-et-de-retour\/\"]}]},{\"@type\":\"ImageObject\",\"inLanguage\":\"fr-FR\",\"@id\":\"https:\/\/ride-experiences.com\/fr\/politique-dachat-et-de-retour\/#primaryimage\",\"url\":\"https:\/\/ride-experiences.com\/wp-content\/uploads\/2022\/06\/Ride-experiences-jet-ski-kevin-002-png.png\",\"contentUrl\":\"https:\/\/ride-experiences.com\/wp-content\/uploads\/2022\/06\/Ride-experiences-jet-ski-kevin-002-png.png\"},{\"@type\":\"BreadcrumbList\",\"@id\":\"https:\/\/ride-experiences.com\/fr\/politique-dachat-et-de-retour\/#breadcrumb\",\"itemListElement\":[{\"@type\":\"ListItem\",\"position\":1,\"name\":\"Home\",\"item\":\"https:\/\/ride-experiences.com\/fr\/\"},{\"@type\":\"ListItem\",\"position\":2,\"name\":\"Politique d&rsquo;achat et de retour\"}]},{\"@type\":\"WebSite\",\"@id\":\"https:\/\/ride-experiences.com\/fr\/#website\",\"url\":\"https:\/\/ride-experiences.com\/fr\/\",\"name\":\"Ride Experiences\",\"description\":\"Jet ski Mallorca\",\"potentialAction\":[{\"@type\":\"SearchAction\",\"target\":{\"@type\":\"EntryPoint\",\"urlTemplate\":\"https:\/\/ride-experiences.com\/fr\/?s={search_term_string}\"},\"query-input\":{\"@type\":\"PropertyValueSpecification\",\"valueRequired\":true,\"valueName\":\"search_term_string\"}}],\"inLanguage\":\"fr-FR\"}]}<\/script>\n<!-- \/ Yoast SEO plugin. -->","yoast_head_json":{"title":"Politique d'achat et de retour - Ride Experiences","robots":{"index":"index","follow":"follow","max-snippet":"max-snippet:-1","max-image-preview":"max-image-preview:large","max-video-preview":"max-video-preview:-1"},"canonical":"https:\/\/ride-experiences.com\/fr\/politique-dachat-et-de-retour\/","og_locale":"fr_FR","og_type":"article","og_title":"Politique d'achat et de retour - Ride Experiences","og_description":"Politique d&rsquo;achat et retour Pour RIDE EXPERIENCES, il est tr\u00e8s important que vous vous sentiez satisfait de votre achat, pour cette raison, tous les achats effectu\u00e9s sur www.ride-experiences.com sont soumis \u00e0 la politique de modifications et de retours suivante que nous proposons \u00e0 nos clients\u00a0: Modifications Apporter des modifications aux produits dans RIDE EXPERIENCES est [&hellip;]","og_url":"https:\/\/ride-experiences.com\/fr\/politique-dachat-et-de-retour\/","og_site_name":"Ride Experiences","article_modified_time":"2022-07-13T13:16:04+00:00","og_image":[{"url":"https:\/\/ride-experiences.com\/wp-content\/uploads\/2022\/06\/Ride-experiences-jet-ski-kevin-002-png.png","type":"","width":"","height":""}],"twitter_card":"summary_large_image","twitter_misc":{"Dur\u00e9e de lecture estim\u00e9e":"3 minutes"},"schema":{"@context":"https:\/\/schema.org","@graph":[{"@type":"WebPage","@id":"https:\/\/ride-experiences.com\/fr\/politique-dachat-et-de-retour\/","url":"https:\/\/ride-experiences.com\/fr\/politique-dachat-et-de-retour\/","name":"Politique d'achat et de retour - Ride Experiences","isPartOf":{"@id":"https:\/\/ride-experiences.com\/fr\/#website"},"primaryImageOfPage":{"@id":"https:\/\/ride-experiences.com\/fr\/politique-dachat-et-de-retour\/#primaryimage"},"image":{"@id":"https:\/\/ride-experiences.com\/fr\/politique-dachat-et-de-retour\/#primaryimage"},"thumbnailUrl":"https:\/\/ride-experiences.com\/wp-content\/uploads\/2022\/06\/Ride-experiences-jet-ski-kevin-002-png.png","datePublished":"2022-06-13T13:53:13+00:00","dateModified":"2022-07-13T13:16:04+00:00","breadcrumb":{"@id":"https:\/\/ride-experiences.com\/fr\/politique-dachat-et-de-retour\/#breadcrumb"},"inLanguage":"fr-FR","potentialAction":[{"@type":"ReadAction","target":["https:\/\/ride-experiences.com\/fr\/politique-dachat-et-de-retour\/"]}]},{"@type":"ImageObject","inLanguage":"fr-FR","@id":"https:\/\/ride-experiences.com\/fr\/politique-dachat-et-de-retour\/#primaryimage","url":"https:\/\/ride-experiences.com\/wp-content\/uploads\/2022\/06\/Ride-experiences-jet-ski-kevin-002-png.png","contentUrl":"https:\/\/ride-experiences.com\/wp-content\/uploads\/2022\/06\/Ride-experiences-jet-ski-kevin-002-png.png"},{"@type":"BreadcrumbList","@id":"https:\/\/ride-experiences.com\/fr\/politique-dachat-et-de-retour\/#breadcrumb","itemListElement":[{"@type":"ListItem","position":1,"name":"Home","item":"https:\/\/ride-experiences.com\/fr\/"},{"@type":"ListItem","position":2,"name":"Politique d&rsquo;achat et de retour"}]},{"@type":"WebSite","@id":"https:\/\/ride-experiences.com\/fr\/#website","url":"https:\/\/ride-experiences.com\/fr\/","name":"Ride Experiences","description":"Jet ski Mallorca","potentialAction":[{"@type":"SearchAction","target":{"@type":"EntryPoint","urlTemplate":"https:\/\/ride-experiences.com\/fr\/?s={search_term_string}"},"query-input":{"@type":"PropertyValueSpecification","valueRequired":true,"valueName":"search_term_string"}}],"inLanguage":"fr-FR"}]}},"_links":{"self":[{"href":"https:\/\/ride-experiences.com\/fr\/wp-json\/wp\/v2\/pages\/6699","targetHints":{"allow":["GET"]}}],"collection":[{"href":"https:\/\/ride-experiences.com\/fr\/wp-json\/wp\/v2\/pages"}],"about":[{"href":"https:\/\/ride-experiences.com\/fr\/wp-json\/wp\/v2\/types\/page"}],"author":[{"embeddable":true,"href":"https:\/\/ride-experiences.com\/fr\/wp-json\/wp\/v2\/users\/1"}],"replies":[{"embeddable":true,"href":"https:\/\/ride-experiences.com\/fr\/wp-json\/wp\/v2\/comments?post=6699"}],"version-history":[{"count":0,"href":"https:\/\/ride-experiences.com\/fr\/wp-json\/wp\/v2\/pages\/6699\/revisions"}],"wp:attachment":[{"href":"https:\/\/ride-experiences.com\/fr\/wp-json\/wp\/v2\/media?parent=6699"}],"curies":[{"name":"wp","href":"https:\/\/api.w.org\/{rel}","templated":true}]}}